{"id":2047,"date":"2024-04-09T14:55:07","date_gmt":"2024-04-09T14:55:07","guid":{"rendered":"https:\/\/pourvoiriedorionoutfitter.ca\/peche\/"},"modified":"2025-06-12T14:14:38","modified_gmt":"2025-06-12T14:14:38","slug":"peche","status":"publish","type":"page","link":"https:\/\/pourvoiriedorionoutfitter.ca\/fr\/peche\/","title":{"rendered":"P\u00eache"},"content":{"rendered":"\t\t<div data-elementor-type=\"wp-page\" data-elementor-id=\"2047\" class=\"elementor elementor-2047 elementor-95\" data-elementor-post-type=\"page\">\n\t\t\t\t<div class=\"elementor-element elementor-element-02f6dab e-flex e-con-boxed e-con e-parent\" data-id=\"02f6dab\" data-element_type=\"container\" data-settings=\"{&quot;background_background&quot;:&quot;classic&quot;}\">\n\t\t\t\t\t<div class=\"e-con-inner\">\n\t\t\t\t<div class=\"elementor-element elementor-element-81c771e elementor-widget elementor-widget-heading\" data-id=\"81c771e\" data-element_type=\"widget\" data-widget_type=\"heading.default\">\n\t\t\t\t<div class=\"elementor-widget-container\">\n\t\t\t\t\t<h2 class=\"elementor-heading-title elementor-size-default\">p\u00eache<\/h2>\t\t\t\t<\/div>\n\t\t\t\t<\/div>\n\t\t\t\t\t<\/div>\n\t\t\t\t<\/div>\n\t\t<div class=\"elementor-element elementor-element-e22cd4e e-flex e-con-boxed e-con e-parent\" data-id=\"e22cd4e\" data-element_type=\"container\">\n\t\t\t\t\t<div class=\"e-con-inner\">\n\t\t\t\t<div class=\"elementor-element elementor-element-e91fb07 elementor-widget__width-inherit elementor-widget elementor-widget-heading\" data-id=\"e91fb07\" data-element_type=\"widget\" data-widget_type=\"heading.default\">\n\t\t\t\t<div class=\"elementor-widget-container\">\n\t\t\t\t\t<h2 class=\"elementor-heading-title elementor-size-default\">La P\u00eache \u00e0 la Pourvoirie Dorion c'est aussi...<\/h2>\t\t\t\t<\/div>\n\t\t\t\t<\/div>\n\t\t\t\t<div class=\"elementor-element elementor-element-0d2c7e1 elementor-widget__width-initial elementor-widget elementor-widget-text-editor\" data-id=\"0d2c7e1\" data-element_type=\"widget\" data-widget_type=\"text-editor.default\">\n\t\t\t\t<div class=\"elementor-widget-container\">\n\t\t\t\t\t\t\t\t\t<p>Le lac Nilgaut offre une p\u00eache au touladi incroyable.<br \/>R\u00e9put\u00e9 pour sa grande quantit\u00e9 de poissons, il produit de nombreux touladis de 1 \u00e0 4 livres, et des poissons de plus de 20 livres sont captur\u00e9s chaque ann\u00e9e.<\/p>\t\t\t\t\t\t\t\t<\/div>\n\t\t\t\t<\/div>\n\t\t\t\t<div class=\"elementor-element elementor-element-3c7c21e elementor-widget__width-initial elementor-widget elementor-widget-text-editor\" data-id=\"3c7c21e\" data-element_type=\"widget\" data-widget_type=\"text-editor.default\">\n\t\t\t\t<div class=\"elementor-widget-container\">\n\t\t\t\t\t\t\t\t\t<p>Profitez de la tranquillit\u00e9 du lac et des paysages magnifiques.<br \/>Vous pourrez m\u00eame apercevoir un orignal traversant l&rsquo;un des nombreux bancs de sable.<br \/>Quelle que soit la fa\u00e7on dont vous p\u00eachez, vous \u00eates assur\u00e9 de passer un bon moment.<\/p>\t\t\t\t\t\t\t\t<\/div>\n\t\t\t\t<\/div>\n\t\t\t\t<div class=\"elementor-element elementor-element-4fa391c elementor-widget__width-initial elementor-widget-tablet__width-inherit ar-0812 elementor-widget elementor-widget-image\" data-id=\"4fa391c\" data-element_type=\"widget\" data-widget_type=\"image.default\">\n\t\t\t\t<div class=\"elementor-widget-container\">\n\t\t\t\t\t\t\t\t\t\t\t\t\t\t\t<img fetchpriority=\"high\" decoding=\"async\" width=\"768\" height=\"1024\" src=\"https:\/\/pourvoiriedorionoutfitter.ca\/wp-content\/uploads\/2025\/06\/2025-768x1024.jpeg\" class=\"attachment-large size-large wp-image-2835\" alt=\"\" srcset=\"https:\/\/pourvoiriedorionoutfitter.ca\/wp-content\/uploads\/2025\/06\/2025-768x1024.jpeg 768w, https:\/\/pourvoiriedorionoutfitter.ca\/wp-content\/uploads\/2025\/06\/2025-225x300.jpeg 225w, https:\/\/pourvoiriedorionoutfitter.ca\/wp-content\/uploads\/2025\/06\/2025-1152x1536.jpeg 1152w, https:\/\/pourvoiriedorionoutfitter.ca\/wp-content\/uploads\/2025\/06\/2025.jpeg 1500w\" sizes=\"(max-width: 768px) 100vw, 768px\" \/>\t\t\t\t\t\t\t\t\t\t\t\t\t\t\t<\/div>\n\t\t\t\t<\/div>\n\t\t\t\t<div class=\"elementor-element elementor-element-e9e4365 elementor-widget__width-initial elementor-widget-tablet__width-inherit ar-0812 elementor-widget elementor-widget-image\" data-id=\"e9e4365\" data-element_type=\"widget\" data-widget_type=\"image.default\">\n\t\t\t\t<div class=\"elementor-widget-container\">\n\t\t\t\t\t\t\t\t\t\t\t\t\t\t\t<img decoding=\"async\" width=\"768\" height=\"1024\" src=\"https:\/\/pourvoiriedorionoutfitter.ca\/wp-content\/uploads\/2024\/07\/431753070_122174522924008720_2489639357046167576_n.jpg\" class=\"attachment-large size-large wp-image-1509\" alt=\"\" srcset=\"https:\/\/pourvoiriedorionoutfitter.ca\/wp-content\/uploads\/2024\/07\/431753070_122174522924008720_2489639357046167576_n.jpg 768w, https:\/\/pourvoiriedorionoutfitter.ca\/wp-content\/uploads\/2024\/07\/431753070_122174522924008720_2489639357046167576_n-225x300.jpg 225w\" sizes=\"(max-width: 768px) 100vw, 768px\" \/>\t\t\t\t\t\t\t\t\t\t\t\t\t\t\t<\/div>\n\t\t\t\t<\/div>\n\t\t\t\t<div class=\"elementor-element elementor-element-699809c elementor-widget__width-initial elementor-widget-tablet__width-inherit ar-0812 elementor-widget elementor-widget-image\" data-id=\"699809c\" data-element_type=\"widget\" data-widget_type=\"image.default\">\n\t\t\t\t<div class=\"elementor-widget-container\">\n\t\t\t\t\t\t\t\t\t\t\t\t\t\t\t<img decoding=\"async\" width=\"601\" height=\"801\" src=\"https:\/\/pourvoiriedorionoutfitter.ca\/wp-content\/uploads\/2024\/06\/14c00e6518265299ad9432b510da3b94.png\" class=\"attachment-large size-large wp-image-904\" alt=\"\" srcset=\"https:\/\/pourvoiriedorionoutfitter.ca\/wp-content\/uploads\/2024\/06\/14c00e6518265299ad9432b510da3b94.png 601w, https:\/\/pourvoiriedorionoutfitter.ca\/wp-content\/uploads\/2024\/06\/14c00e6518265299ad9432b510da3b94-225x300.png 225w\" sizes=\"(max-width: 601px) 100vw, 601px\" \/>\t\t\t\t\t\t\t\t\t\t\t\t\t\t\t<\/div>\n\t\t\t\t<\/div>\n\t\t\t\t<div class=\"elementor-element elementor-element-0568fb7 elementor-widget__width-initial elementor-widget-tablet__width-inherit ar-0812 elementor-widget elementor-widget-image\" data-id=\"0568fb7\" data-element_type=\"widget\" data-widget_type=\"image.default\">\n\t\t\t\t<div class=\"elementor-widget-container\">\n\t\t\t\t\t\t\t\t\t\t\t\t\t\t\t<img loading=\"lazy\" decoding=\"async\" width=\"1536\" height=\"2048\" src=\"https:\/\/pourvoiriedorionoutfitter.ca\/wp-content\/uploads\/2025\/06\/Fish-nadine-2025.jpeg\" class=\"attachment-full size-full wp-image-2820\" alt=\"\" srcset=\"https:\/\/pourvoiriedorionoutfitter.ca\/wp-content\/uploads\/2025\/06\/Fish-nadine-2025.jpeg 1536w, https:\/\/pourvoiriedorionoutfitter.ca\/wp-content\/uploads\/2025\/06\/Fish-nadine-2025-225x300.jpeg 225w, https:\/\/pourvoiriedorionoutfitter.ca\/wp-content\/uploads\/2025\/06\/Fish-nadine-2025-768x1024.jpeg 768w, https:\/\/pourvoiriedorionoutfitter.ca\/wp-content\/uploads\/2025\/06\/Fish-nadine-2025-1152x1536.jpeg 1152w\" sizes=\"(max-width: 1536px) 100vw, 1536px\" \/>\t\t\t\t\t\t\t\t\t\t\t\t\t\t\t<\/div>\n\t\t\t\t<\/div>\n\t\t\t\t<div class=\"elementor-element elementor-element-471373c elementor-widget__width-initial elementor-widget-tablet__width-inherit ar-1 elementor-widget elementor-widget-image\" data-id=\"471373c\" data-element_type=\"widget\" data-widget_type=\"image.default\">\n\t\t\t\t<div class=\"elementor-widget-container\">\n\t\t\t\t\t\t\t\t\t\t\t\t\t\t\t<img loading=\"lazy\" decoding=\"async\" width=\"800\" height=\"600\" src=\"https:\/\/pourvoiriedorionoutfitter.ca\/wp-content\/uploads\/2024\/06\/7b70e8dfc7f2a18ed00f582a7e6e219f-1-1024x768.png\" class=\"attachment-large size-large wp-image-988\" alt=\"\" srcset=\"https:\/\/pourvoiriedorionoutfitter.ca\/wp-content\/uploads\/2024\/06\/7b70e8dfc7f2a18ed00f582a7e6e219f-1-1024x768.png 1024w, https:\/\/pourvoiriedorionoutfitter.ca\/wp-content\/uploads\/2024\/06\/7b70e8dfc7f2a18ed00f582a7e6e219f-1-300x225.png 300w, https:\/\/pourvoiriedorionoutfitter.ca\/wp-content\/uploads\/2024\/06\/7b70e8dfc7f2a18ed00f582a7e6e219f-1-768x576.png 768w, https:\/\/pourvoiriedorionoutfitter.ca\/wp-content\/uploads\/2024\/06\/7b70e8dfc7f2a18ed00f582a7e6e219f-1-1536x1152.png 1536w, https:\/\/pourvoiriedorionoutfitter.ca\/wp-content\/uploads\/2024\/06\/7b70e8dfc7f2a18ed00f582a7e6e219f-1.png 2048w\" sizes=\"(max-width: 800px) 100vw, 800px\" \/>\t\t\t\t\t\t\t\t\t\t\t\t\t\t\t<\/div>\n\t\t\t\t<\/div>\n\t\t\t\t\t<\/div>\n\t\t\t\t<\/div>\n\t\t<div class=\"elementor-element elementor-element-222ad6e e-flex e-con-boxed e-con e-parent\" data-id=\"222ad6e\" data-element_type=\"container\" data-settings=\"{&quot;background_background&quot;:&quot;classic&quot;}\">\n\t\t\t\t\t<div class=\"e-con-inner\">\n\t\t<div class=\"elementor-element elementor-element-11cf8bc e-con-full e-flex e-con e-child\" data-id=\"11cf8bc\" data-element_type=\"container\">\n\t\t\t\t<div class=\"elementor-element elementor-element-79bdf63 elementor-widget elementor-widget-heading\" data-id=\"79bdf63\" data-element_type=\"widget\" data-widget_type=\"heading.default\">\n\t\t\t\t<div class=\"elementor-widget-container\">\n\t\t\t\t\t<h2 class=\"elementor-heading-title elementor-size-default\">Vous souhaitez venir ?<\/h2>\t\t\t\t<\/div>\n\t\t\t\t<\/div>\n\t\t\t\t<div class=\"elementor-element elementor-element-521fbe9 elementor-widget__width-initial elementor-widget elementor-widget-text-editor\" data-id=\"521fbe9\" data-element_type=\"widget\" data-widget_type=\"text-editor.default\">\n\t\t\t\t<div class=\"elementor-widget-container\">\n\t\t\t\t\t\t\t\t\t<p>Vous souhaitez d\u00e9couvrir notre pourvoirie ?<br \/>\nSoyez les premiers \u00e0 r\u00e9server votre s\u00e9jour d\u00e8s maintenant.<br \/>\nLes places sont limit\u00e9es et se remplissent rapidement.  <\/p>\n\t\t\t\t\t\t\t\t<\/div>\n\t\t\t\t<\/div>\n\t\t\t\t<div class=\"elementor-element elementor-element-a86938b elementor-widget elementor-widget-button\" data-id=\"a86938b\" data-element_type=\"widget\" data-widget_type=\"button.default\">\n\t\t\t\t<div class=\"elementor-widget-container\">\n\t\t\t\t\t\t\t\t\t<div class=\"elementor-button-wrapper\">\n\t\t\t\t\t<a class=\"elementor-button elementor-button-link elementor-size-sm\" href=\"https:\/\/pourvoiriedorionoutfitter.ca\/cottages\/\">\n\t\t\t\t\t\t<span class=\"elementor-button-content-wrapper\">\n\t\t\t\t\t\t\t\t\t<span class=\"elementor-button-text\">r\u00e9servations<\/span>\n\t\t\t\t\t<\/span>\n\t\t\t\t\t<\/a>\n\t\t\t\t<\/div>\n\t\t\t\t\t\t\t\t<\/div>\n\t\t\t\t<\/div>\n\t\t\t\t<\/div>\n\t\t<div class=\"elementor-element elementor-element-aa0535e e-con-full e-flex e-con e-child\" data-id=\"aa0535e\" data-element_type=\"container\">\n\t\t\t\t<div class=\"elementor-element elementor-element-bab6155 elementor-widget elementor-widget-heading\" data-id=\"bab6155\" data-element_type=\"widget\" data-widget_type=\"heading.default\">\n\t\t\t\t<div class=\"elementor-widget-container\">\n\t\t\t\t\t<h2 class=\"elementor-heading-title elementor-size-default\">D\u00e9couvrez pourquoi<\/h2>\t\t\t\t<\/div>\n\t\t\t\t<\/div>\n\t\t\t\t<div class=\"elementor-element elementor-element-2d45de7 elementor-widget__width-initial elementor-widget elementor-widget-text-editor\" data-id=\"2d45de7\" data-element_type=\"widget\" data-widget_type=\"text-editor.default\">\n\t\t\t\t<div class=\"elementor-widget-container\">\n\t\t\t\t\t\t\t\t\t<p>N&rsquo;h\u00e9sitez pas \u00e0 nous contacter pour plus d&rsquo;informations.<br \/>\nConsultez la section \u00ab\u00a0Questions et r\u00e9ponses\u00a0\u00bb. <\/p>\n\t\t\t\t\t\t\t\t<\/div>\n\t\t\t\t<\/div>\n\t\t\t\t<div class=\"elementor-element elementor-element-1d4b211 elementor-widget elementor-widget-button\" data-id=\"1d4b211\" data-element_type=\"widget\" data-widget_type=\"button.default\">\n\t\t\t\t<div class=\"elementor-widget-container\">\n\t\t\t\t\t\t\t\t\t<div class=\"elementor-button-wrapper\">\n\t\t\t\t\t<a class=\"elementor-button elementor-button-link elementor-size-sm\" href=\"https:\/\/pourvoiriedorionoutfitter.ca\/about-us\/\">\n\t\t\t\t\t\t<span class=\"elementor-button-content-wrapper\">\n\t\t\t\t\t\t\t\t\t<span class=\"elementor-button-text\">en savoir plus<\/span>\n\t\t\t\t\t<\/span>\n\t\t\t\t\t<\/a>\n\t\t\t\t<\/div>\n\t\t\t\t\t\t\t\t<\/div>\n\t\t\t\t<\/div>\n\t\t\t\t<\/div>\n\t\t\t\t\t<\/div>\n\t\t\t\t<\/div>\n\t\t\t\t<\/div>\n\t\t","protected":false},"excerpt":{"rendered":"<p>p\u00eache La P\u00eache \u00e0 la Pourvoirie Dorion c&rsquo;est aussi&#8230; Le lac Nilgaut offre une p\u00eache au touladi incroyable.R\u00e9put\u00e9 pour sa grande quantit\u00e9 de poissons, il produit de nombreux touladis de 1 \u00e0 4 livres, et des poissons de plus de 20 livres sont captur\u00e9s chaque ann\u00e9e. Profitez de la tranquillit\u00e9 du lac et des paysages [&hellip;]<\/p>\n","protected":false},"author":1,"featured_media":0,"parent":0,"menu_order":0,"comment_status":"closed","ping_status":"closed","template":"elementor_header_footer","meta":{"_acf_changed":false,"footnotes":""},"class_list":["post-2047","page","type-page","status-publish","hentry"],"acf":[],"_links":{"self":[{"href":"https:\/\/pourvoiriedorionoutfitter.ca\/fr\/wp-json\/wp\/v2\/pages\/2047","targetHints":{"allow":["GET"]}}],"collection":[{"href":"https:\/\/pourvoiriedorionoutfitter.ca\/fr\/wp-json\/wp\/v2\/pages"}],"about":[{"href":"https:\/\/pourvoiriedorionoutfitter.ca\/fr\/wp-json\/wp\/v2\/types\/page"}],"author":[{"embeddable":true,"href":"https:\/\/pourvoiriedorionoutfitter.ca\/fr\/wp-json\/wp\/v2\/users\/1"}],"replies":[{"embeddable":true,"href":"https:\/\/pourvoiriedorionoutfitter.ca\/fr\/wp-json\/wp\/v2\/comments?post=2047"}],"version-history":[{"count":20,"href":"https:\/\/pourvoiriedorionoutfitter.ca\/fr\/wp-json\/wp\/v2\/pages\/2047\/revisions"}],"predecessor-version":[{"id":2844,"href":"https:\/\/pourvoiriedorionoutfitter.ca\/fr\/wp-json\/wp\/v2\/pages\/2047\/revisions\/2844"}],"wp:attachment":[{"href":"https:\/\/pourvoiriedorionoutfitter.ca\/fr\/wp-json\/wp\/v2\/media?parent=2047"}],"curies":[{"name":"wp","href":"https:\/\/api.w.org\/{rel}","templated":true}]}}