{"id":2045,"date":"2024-04-09T14:55:46","date_gmt":"2024-04-09T14:55:46","guid":{"rendered":"https:\/\/pourvoiriedorionoutfitter.ca\/tarification\/"},"modified":"2026-01-12T14:25:36","modified_gmt":"2026-01-12T14:25:36","slug":"tarification","status":"publish","type":"page","link":"https:\/\/pourvoiriedorionoutfitter.ca\/fr\/tarification\/","title":{"rendered":"Tarification"},"content":{"rendered":"\t\t<div data-elementor-type=\"wp-page\" data-elementor-id=\"2045\" class=\"elementor elementor-2045 elementor-99\" data-elementor-post-type=\"page\">\n\t\t\t\t<div class=\"elementor-element elementor-element-7f9c83f e-flex e-con-boxed e-con e-parent\" data-id=\"7f9c83f\" data-element_type=\"container\" data-settings=\"{&quot;background_background&quot;:&quot;classic&quot;}\">\n\t\t\t\t\t<div class=\"e-con-inner\">\n\t\t\t\t<div class=\"elementor-element elementor-element-e1aa11e elementor-widget elementor-widget-heading\" data-id=\"e1aa11e\" data-element_type=\"widget\" data-widget_type=\"heading.default\">\n\t\t\t\t<div class=\"elementor-widget-container\">\n\t\t\t\t\t<h2 class=\"elementor-heading-title elementor-size-default\">tarifs<br>2026<\/h2>\t\t\t\t<\/div>\n\t\t\t\t<\/div>\n\t\t\t\t\t<\/div>\n\t\t\t\t<\/div>\n\t\t<div class=\"elementor-element elementor-element-b154212 e-flex e-con-boxed e-con e-parent\" data-id=\"b154212\" data-element_type=\"container\">\n\t\t\t\t\t<div class=\"e-con-inner\">\n\t\t\t\t<div class=\"elementor-element elementor-element-27dbc23 elementor-icon-list--layout-inline elementor-align-center elementor-widget__width-inherit check-icons elementor-list-item-link-full_width elementor-widget elementor-widget-icon-list\" data-id=\"27dbc23\" data-element_type=\"widget\" data-widget_type=\"icon-list.default\">\n\t\t\t\t<div class=\"elementor-widget-container\">\n\t\t\t\t\t\t\t<ul class=\"elementor-icon-list-items elementor-inline-items\">\n\t\t\t\t\t\t\t<li class=\"elementor-icon-list-item elementor-inline-item\">\n\t\t\t\t\t\t\t\t\t\t\t<span class=\"elementor-icon-list-icon\">\n\t\t\t\t\t\t\t<svg xmlns=\"http:\/\/www.w3.org\/2000\/svg\" width=\"26\" height=\"26\" viewBox=\"0 0 26 26\" fill=\"none\"><g id=\"fi_5723846\" clip-path=\"url(#clip0_78_729)\"><g id=\"Layer_x0020_1\"><g id=\"_272858720\"><path id=\"_272859512\" fill-rule=\"evenodd\" clip-rule=\"evenodd\" d=\"M19.321 17.7487V22.9843V24.3192V24.8368C19.321 25.4766 18.7976 26.0001 18.1578 26.0001C17.518 26.0001 16.9945 25.4766 16.9945 24.8368V24.3192V22.9843V13.6898L15.8984 15.8547C15.6438 16.3576 15.0527 16.5172 14.5849 16.2091C14.1171 15.9011 13.9426 15.2377 14.1972 14.7347L16.8325 9.52979C17.7693 7.67929 21.9832 7.54968 22.9404 9.44037L25.6209 14.7347C25.8755 15.2377 25.7011 15.9011 25.2333 16.2091C24.7655 16.5172 24.1743 16.3576 23.9197 15.8547L22.8236 13.6898V22.9843V24.3192V24.8368C22.8236 25.4766 22.3001 26.0001 21.6603 26.0001C21.0205 26.0001 20.4971 25.4766 20.4971 24.8368V24.3192V22.9843V17.7487H19.321Z\" fill=\"#900005\"><\/path><path id=\"_272859536\" d=\"M19.9099 7.01744C21.216 7.01744 22.2748 5.95862 22.2748 4.6525C22.2748 3.34638 21.216 2.28757 19.9099 2.28757C18.6037 2.28757 17.5449 3.34638 17.5449 4.6525C17.5449 5.95862 18.6037 7.01744 19.9099 7.01744Z\" fill=\"#900005\"><\/path><path id=\"_272859416\" d=\"M6.86512 5.15211C8.28784 5.15211 9.44118 3.99877 9.44118 2.57606C9.44118 1.15334 8.28784 0 6.86512 0C5.4424 0 4.28906 1.15334 4.28906 2.57606C4.28906 3.99877 5.4424 5.15211 6.86512 5.15211Z\" fill=\"#900005\"><\/path><path id=\"_272859488\" fill-rule=\"evenodd\" clip-rule=\"evenodd\" d=\"M2.37891 10.6621H11.3512V8.1304C11.3512 6.73789 10.2119 5.5986 8.81941 5.5986H8.13068C8.1188 6.28745 7.55675 6.84231 6.86508 6.84231C6.17336 6.84231 5.61136 6.28745 5.59949 5.5986H4.9107C3.51825 5.5986 2.37891 6.73789 2.37891 8.1304V10.6621Z\" fill=\"#900005\"><\/path><path id=\"_272859248\" fill-rule=\"evenodd\" clip-rule=\"evenodd\" d=\"M1.13536 13.1434H14.4824L15.5036 11.1264H11.351H2.3787H0.261719V13.1434H1.13536Z\" fill=\"#900005\"><\/path><path id=\"_272858456\" fill-rule=\"evenodd\" clip-rule=\"evenodd\" d=\"M13.4889 24.8097H16.5296V15.6346L16.312 16.0644C15.9352 16.8086 15.0273 17.0568 14.3289 16.5969C13.6617 16.1577 13.4224 15.2358 13.7823 14.5249L14.2467 13.6077H1.13477V24.8097H3.41957V20.4468C3.41957 19.731 4.00352 19.147 4.71929 19.147H6.07336V17.1321H10.8351V19.147H12.1891C12.9049 19.147 13.4889 19.731 13.4889 20.4468V24.8097Z\" fill=\"#900005\"><\/path><g id=\"Group\"><path id=\"_272858624\" fill-rule=\"evenodd\" clip-rule=\"evenodd\" d=\"M4.7202 19.6113H5.22522V26H4.7202C4.26065 26 3.88477 25.624 3.88477 25.1645V20.4467C3.88477 19.9872 4.26065 19.6113 4.7202 19.6113ZM5.6895 19.6113H11.2207V26H5.6895V19.6113ZM11.685 19.6113H12.19C12.6495 19.6113 13.0255 19.9872 13.0255 20.4467V25.1645C13.0255 25.624 12.6495 26 12.19 26H11.685V19.6113Z\" fill=\"#900005\"><\/path><path id=\"_272858336\" fill-rule=\"evenodd\" clip-rule=\"evenodd\" d=\"M7.35758 18.4318H9.5538V19.6113H10.3723V17.5964H6.53906V19.6113H7.35758V18.4318Z\" fill=\"#900005\"><\/path><\/g><\/g><\/g><\/g><defs><clipPath id=\"clip0_78_729\"><rect width=\"26\" height=\"26\" fill=\"white\"><\/rect><\/clipPath><\/defs><\/svg>\t\t\t\t\t\t<\/span>\n\t\t\t\t\t\t\t\t\t\t<span class=\"elementor-icon-list-text\">Heure d'enregistrement : 13h00<\/span>\n\t\t\t\t\t\t\t\t\t<\/li>\n\t\t\t\t\t\t\t\t<li class=\"elementor-icon-list-item elementor-inline-item\">\n\t\t\t\t\t\t\t\t\t\t\t<span class=\"elementor-icon-list-icon\">\n\t\t\t\t\t\t\t<svg xmlns=\"http:\/\/www.w3.org\/2000\/svg\" width=\"26\" height=\"26\" viewBox=\"0 0 26 26\" fill=\"none\"><g id=\"fi_8012955\" clip-path=\"url(#clip0_78_741)\"><g id=\"Group\"><path id=\"Vector\" d=\"M13.7873 10.3212L12.6055 12.3303C12.6449 12.2909 12.6843 12.2909 12.763 12.2515C13.2358 11.9758 13.8661 12.094 14.1812 12.4879L15.0085 11.0303L13.7873 10.3212Z\" fill=\"#900005\"><\/path><path id=\"Vector_2\" d=\"M9.13967 19.3031C8.70634 20.6031 8.19422 21.9031 7.60331 23.1637C7.56391 23.5576 7.52452 23.9515 7.44573 24.3061C7.32755 24.9758 7.87906 25.6061 8.54876 25.6061C9.10028 25.6061 9.573 25.2121 9.65179 24.6606C9.92755 22.7697 10.0457 20.7212 10.0063 18.5546C9.76997 18.8697 9.49422 19.1061 9.13967 19.3031Z\" fill=\"#900005\"><\/path><path id=\"Vector_3\" d=\"M4.09683 19.4606L4.56956 17.4909C4.56956 17.4515 4.56956 17.4121 4.53016 17.3727C4.53016 17.3727 4.53016 17.3333 4.49077 17.3333C4.72713 16.9788 4.96349 16.4667 5.23925 15.9152C5.23925 15.8758 5.23925 16.3091 5.23925 11.9758C4.64834 13.5909 3.74228 15.7576 3.23016 16.5455C3.03319 16.8212 3.07259 17.2152 3.30895 17.4909H3.19077C3.15137 17.4909 3.11198 17.5303 3.11198 17.5697L2.56046 19.5394C2.20592 19.6576 1.93016 19.894 1.81198 20.1697L0.945312 24.0697H1.18168V24.1879C1.14228 24.3061 1.22107 24.3849 1.33925 24.4243C1.45743 24.4636 1.53622 24.3849 1.57562 24.2667L1.61501 24.0697L2.28471 24.0303L2.24531 24.1879C2.20592 24.3061 2.28471 24.3849 2.40289 24.4243C2.52107 24.4636 2.59986 24.3849 2.63925 24.2667L2.67865 24.0697C2.67865 24.0697 2.67865 24.0697 2.67865 24.0303H2.91501C3.38774 22.7697 3.78168 21.1152 4.09683 19.4606ZM2.79683 19.4606L3.26956 17.7273L3.6241 17.6879C3.70289 17.7273 3.78168 17.7273 3.86046 17.7273C4.01804 17.7273 4.13622 17.6879 4.2938 17.6091H4.33319L3.93925 19.303C3.66349 19.303 3.23016 19.3424 2.79683 19.4606Z\" fill=\"#900005\"><\/path><path id=\"Vector_4\" d=\"M7.91892 8.62729C9.00675 8.62729 9.88861 7.74543 9.88861 6.65759C9.88861 5.56976 9.00675 4.6879 7.91892 4.6879C6.83108 4.6879 5.94922 5.56976 5.94922 6.65759C5.94922 7.74543 6.83108 8.62729 7.91892 8.62729Z\" fill=\"#900005\"><\/path><path id=\"Vector_5\" d=\"M20.3675 8.07576C21.3917 8.07576 22.2584 7.24849 22.2584 6.18485C22.2584 5.16061 21.4311 4.29395 20.3675 4.29395C19.3432 4.29395 18.4766 5.12122 18.4766 6.18485C18.4766 7.24849 19.3432 8.07576 20.3675 8.07576Z\" fill=\"#900005\"><\/path><path id=\"Vector_6\" d=\"M25.0539 15.994C17.3327 15.994 18.4357 15.994 10.7539 15.994V16.9394H11.2266V24.1485C11.2266 24.3455 11.3842 24.503 11.5812 24.503H24.266C24.463 24.503 24.6206 24.3455 24.6206 24.1485V16.9394H24.7388V16.9H25.1327V15.994H25.0539Z\" fill=\"#900005\"><\/path><path id=\"Vector_7\" d=\"M15.9545 11.3849C15.7969 11.5818 15.7575 11.8576 15.8363 12.0939L16.7029 14.6939C16.8211 15.0879 17.2151 15.3243 17.6484 15.1667C18.0817 15.0091 18.2393 14.5758 18.1211 14.2212C18.1211 14.1818 17.3332 11.8576 17.3726 11.9758C17.412 11.9364 18.2393 10.8727 18.1999 10.9515L18.3969 13.1182L18.2787 13.5121L18.4757 14.103C18.6726 14.6939 18.3575 15.3243 17.7666 15.5212H17.7272V15.5606H23.006V15.5212H22.9666C22.3757 15.3243 22.0605 14.6939 22.2575 14.103L22.4545 13.5515L22.3363 13.1182L22.5332 10.9515C22.5726 10.9909 23.3999 12.0546 23.3605 12.0152L22.612 14.1818C22.612 14.2212 22.4151 14.9303 23.0848 15.1667C23.5181 15.3243 23.912 15.0485 24.0302 14.6939L24.8969 12.0939C24.9757 11.8576 24.9363 11.5818 24.7787 11.3849C24.7393 11.3455 22.9666 9.02122 22.6908 8.94243C22.2969 8.78486 21.9029 8.70607 21.509 8.62728L21.4302 9.41516L21.1938 9.69092L21.509 9.92728L20.4848 11.7C20.5635 11.4636 20.9181 10.597 20.8787 8.5091C20.5241 8.4697 20.1696 8.4697 19.8151 8.5091C19.7757 10.597 20.1302 11.503 20.209 11.7L19.2241 9.84849L19.5393 9.61213L19.3029 9.37576L19.2241 8.54849C18.8302 8.62728 18.4363 8.74546 18.0423 8.90304C17.9241 8.94243 17.806 9.02122 17.6878 9.1394C17.6484 9.21819 15.8363 11.503 15.9545 11.3849Z\" fill=\"#900005\"><\/path><path id=\"Vector_8\" d=\"M13.7882 6.69698C15.5216 6.69698 16.9397 5.2788 16.9397 3.54547C16.9397 1.81213 15.5216 0.393951 13.7882 0.393951C12.0549 0.393951 10.6367 1.81213 10.6367 3.54547C10.6367 5.2788 12.0549 6.69698 13.7882 6.69698ZM12.0549 5.55456L11.7791 5.2788L12.3307 4.72728L12.6064 5.00304L12.0549 5.55456ZM13.9852 6.22425H13.5913V5.43638H13.9852V6.22425ZM16.467 3.3485V3.74244H15.6791V3.3485H16.467ZM15.561 1.53638L15.8367 1.81213L15.2852 2.36365L15.0094 2.08789L15.561 1.53638ZM15.2852 4.76668L15.8367 5.31819L15.561 5.59395L15.0094 5.04244L15.2852 4.76668ZM13.6307 0.866679H14.0246V1.65456H13.6307V0.866679ZM12.6852 3.3485H13.4337C13.4731 3.26971 13.5519 3.19092 13.6307 3.15153V2.32425H14.0246V3.15153C14.1822 3.23032 14.261 3.3485 14.261 3.54547C14.261 3.78183 14.064 3.9788 13.8276 3.9788C13.6701 3.9788 13.5125 3.90001 13.4337 3.74244H12.6852V3.3485ZM12.0549 1.53638L12.6064 2.08789L12.3307 2.36365L11.7791 1.81213L12.0549 1.53638ZM11.1488 3.3485H11.9367V3.74244H11.1488V3.3485Z\" fill=\"#900005\"><\/path><path id=\"Vector_9\" d=\"M14.655 15.6H16.9792C17.0186 15.6 17.058 15.5606 17.058 15.5212V15.2061H16.9004C16.861 14.8909 16.6247 14.6152 16.2307 14.5364C16.1125 14.497 15.9944 14.497 15.8762 14.4576V14.3788H15.9944V14.2212H15.6004V14.3788H15.7186V14.4576C15.1671 14.497 14.7731 14.8121 14.7337 15.2061H14.5762V15.5606C14.6156 15.5606 14.6156 15.6 14.655 15.6Z\" fill=\"#900005\"><\/path><path id=\"Vector_10\" d=\"M13.7083 13.8667C14.0628 13.6697 14.181 13.197 13.984 12.8424C13.787 12.4879 13.3143 12.3697 12.9598 12.5667C12.7234 12.6849 12.5264 12.803 12.2901 12.9212C10.478 13.6697 9.41432 12.8818 8.62644 11.2667C8.46887 10.8727 8.03554 10.6758 7.68099 10.8333C7.28705 10.9909 7.09008 11.4242 7.24766 11.7788C7.24766 11.8182 7.48402 12.4091 7.95675 13.0394V13.6697C7.32644 13 7.01129 12.2909 6.93251 12.0152C6.93251 11.9758 6.89311 11.9364 6.89311 11.9364C6.65675 11.3455 7.01129 10.6758 7.56281 10.4788C8.15372 10.2818 8.78402 10.5576 9.02038 11.1485C9.02038 11.1879 9.41432 12.1727 10.2022 12.6061V11.3455C10.2022 10.0849 9.17796 9.10001 7.95675 9.10001C6.65675 9.10001 5.71129 10.203 5.71129 11.3455V16.9788C5.71129 17.7273 6.06584 18.3576 6.57796 18.7515C5.98705 20.3667 5.19917 22.3758 4.29311 23.8333C3.97796 24.3455 4.13554 25.0546 4.64766 25.4091C5.15978 25.7636 5.86887 25.6061 6.22341 25.0546C7.24766 23.4 8.2719 20.9182 8.9022 19.1061V19.0667C8.9416 19.0273 9.69008 18.7515 10.0446 17.9242C10.1628 17.6485 10.2416 17.3333 10.2416 17.0182V15.0485C9.49311 14.8909 8.66584 14.4576 7.99614 13.6697V13.0788C9.37493 15.0091 11.581 15.1273 13.7083 13.8667Z\" fill=\"#900005\"><\/path><\/g><\/g><defs><clipPath id=\"clip0_78_741\"><rect width=\"26\" height=\"26\" fill=\"white\"><\/rect><\/clipPath><\/defs><\/svg>\t\t\t\t\t\t<\/span>\n\t\t\t\t\t\t\t\t\t\t<span class=\"elementor-icon-list-text\">Heure de d\u00e9part 10h00<\/span>\n\t\t\t\t\t\t\t\t\t<\/li>\n\t\t\t\t\t\t<\/ul>\n\t\t\t\t\t\t<\/div>\n\t\t\t\t<\/div>\n\t\t\t\t<div class=\"elementor-element elementor-element-4aae598 elementor-widget__width-inherit elementor-widget elementor-widget-heading\" data-id=\"4aae598\" data-element_type=\"widget\" data-widget_type=\"heading.default\">\n\t\t\t\t<div class=\"elementor-widget-container\">\n\t\t\t\t\t<h2 class=\"elementor-heading-title elementor-size-default\"><b><u>Permis et taxes non comp<\/u><\/b><b><u>rises<\/u><\/b><br>Nous demandons un d\u00e9p\u00f4t de <u>100$<\/u> par personnes pour confirmer votre r\u00e9servation.<br><u><b>Veuillez noter que le d\u00e9p\u00f4t n'est pas remboursable a moins d'une avis 10 jours avant votre arriv\u00e9e<\/b><\/u><\/h2>\t\t\t\t<\/div>\n\t\t\t\t<\/div>\n\t\t<div class=\"elementor-element elementor-element-8dd80e2 e-con-full price-card e-flex e-con e-child\" data-id=\"8dd80e2\" data-element_type=\"container\">\n\t\t\t\t<div class=\"elementor-element elementor-element-026f081 elementor-widget__width-inherit elementor-widget elementor-widget-heading\" data-id=\"026f081\" data-element_type=\"widget\" data-widget_type=\"heading.default\">\n\t\t\t\t<div class=\"elementor-widget-container\">\n\t\t\t\t\t<h2 class=\"elementor-heading-title elementor-size-default\">1 \u00e0 2 nuits<\/h2>\t\t\t\t<\/div>\n\t\t\t\t<\/div>\n\t\t\t\t<div class=\"elementor-element elementor-element-438e044 elementor-widget__width-inherit elementor-widget elementor-widget-heading\" data-id=\"438e044\" data-element_type=\"widget\" data-widget_type=\"heading.default\">\n\t\t\t\t<div class=\"elementor-widget-container\">\n\t\t\t\t\t<p class=\"elementor-heading-title elementor-size-default\">Ceci inclut seulement un 20L de gaz<\/p>\t\t\t\t<\/div>\n\t\t\t\t<\/div>\n\t\t\t\t<div class=\"elementor-element elementor-element-7d5fe6e elementor-widget__width-inherit price elementor-widget elementor-widget-heading\" data-id=\"7d5fe6e\" data-element_type=\"widget\" data-widget_type=\"heading.default\">\n\t\t\t\t<div class=\"elementor-widget-container\">\n\t\t\t\t\t<p class=\"elementor-heading-title elementor-size-default\"><span>154,35 $<\/span> par nuit \/ adulte<\/p>\t\t\t\t<\/div>\n\t\t\t\t<\/div>\n\t\t\t\t<div class=\"elementor-element elementor-element-a809a47 elementor-widget__width-inherit elementor-widget elementor-widget-heading\" data-id=\"a809a47\" data-element_type=\"widget\" data-widget_type=\"heading.default\">\n\t\t\t\t<div class=\"elementor-widget-container\">\n\t\t\t\t\t<p class=\"elementor-heading-title elementor-size-default\">Location<\/p>\t\t\t\t<\/div>\n\t\t\t\t<\/div>\n\t\t\t\t<div class=\"elementor-element elementor-element-b2a795b elementor-widget__width-inherit small-price elementor-widget elementor-widget-heading\" data-id=\"b2a795b\" data-element_type=\"widget\" data-widget_type=\"heading.default\">\n\t\t\t\t<div class=\"elementor-widget-container\">\n\t\t\t\t\t<p class=\"elementor-heading-title elementor-size-default\">Bateau de 16 pieds <span> 66,15 $<\/span> par jour<\/p>\t\t\t\t<\/div>\n\t\t\t\t<\/div>\n\t\t\t\t<div class=\"elementor-element elementor-element-795c41e elementor-widget__width-inherit small-price elementor-widget elementor-widget-heading\" data-id=\"795c41e\" data-element_type=\"widget\" data-widget_type=\"heading.default\">\n\t\t\t\t<div class=\"elementor-widget-container\">\n\t\t\t\t\t<p class=\"elementor-heading-title elementor-size-default\">Moteur 15 hp <span> 66,15 $<\/span> par jour<\/p>\t\t\t\t<\/div>\n\t\t\t\t<\/div>\n\t\t\t\t<div class=\"elementor-element elementor-element-1dcd555 elementor-widget__width-inherit small-price elementor-widget elementor-widget-heading\" data-id=\"1dcd555\" data-element_type=\"widget\" data-widget_type=\"heading.default\">\n\t\t\t\t<div class=\"elementor-widget-container\">\n\t\t\t\t\t<p class=\"elementor-heading-title elementor-size-default\">Bateau + moteur <span> 132,30 $<\/span> par jour<\/p>\t\t\t\t<\/div>\n\t\t\t\t<\/div>\n\t\t\t\t<div class=\"elementor-element elementor-element-d6a1cde elementor-widget__width-auto elementor-widget elementor-widget-button\" data-id=\"d6a1cde\" data-element_type=\"widget\" data-widget_type=\"button.default\">\n\t\t\t\t<div class=\"elementor-widget-container\">\n\t\t\t\t\t\t\t\t\t<div class=\"elementor-button-wrapper\">\n\t\t\t\t\t<a class=\"elementor-button elementor-button-link elementor-size-sm\" href=\"\/cabins\">\n\t\t\t\t\t\t<span class=\"elementor-button-content-wrapper\">\n\t\t\t\t\t\t\t\t\t<span class=\"elementor-button-text\">v\u00e9rifier la disponibilit\u00e9<\/span>\n\t\t\t\t\t<\/span>\n\t\t\t\t\t<\/a>\n\t\t\t\t<\/div>\n\t\t\t\t\t\t\t\t<\/div>\n\t\t\t\t<\/div>\n\t\t\t\t<\/div>\n\t\t<div class=\"elementor-element elementor-element-a46bf18 e-con-full price-card e-flex e-con e-child\" data-id=\"a46bf18\" data-element_type=\"container\">\n\t\t\t\t<div class=\"elementor-element elementor-element-40117f3 elementor-widget__width-inherit elementor-widget elementor-widget-heading\" data-id=\"40117f3\" data-element_type=\"widget\" data-widget_type=\"heading.default\">\n\t\t\t\t<div class=\"elementor-widget-container\">\n\t\t\t\t\t<h2 class=\"elementor-heading-title elementor-size-default\">3 nuits +<\/h2>\t\t\t\t<\/div>\n\t\t\t\t<\/div>\n\t\t\t\t<div class=\"elementor-element elementor-element-1712bbe elementor-widget__width-inherit elementor-widget elementor-widget-heading\" data-id=\"1712bbe\" data-element_type=\"widget\" data-widget_type=\"heading.default\">\n\t\t\t\t<div class=\"elementor-widget-container\">\n\t\t\t\t\t<p class=\"elementor-heading-title elementor-size-default\">Seul le gaz fourni par le pourvoyeur sera tol\u00e9r\u00e9 pour l'utilisation de nos moteurs.<\/p>\t\t\t\t<\/div>\n\t\t\t\t<\/div>\n\t\t\t\t<div class=\"elementor-element elementor-element-ae1841f elementor-widget__width-inherit price elementor-widget elementor-widget-heading\" data-id=\"ae1841f\" data-element_type=\"widget\" data-widget_type=\"heading.default\">\n\t\t\t\t<div class=\"elementor-widget-container\">\n\t\t\t\t\t<p class=\"elementor-heading-title elementor-size-default\"><span>132,30 $<\/span> par nuit \/ adulte<\/p>\t\t\t\t<\/div>\n\t\t\t\t<\/div>\n\t\t\t\t<div class=\"elementor-element elementor-element-50c329d elementor-widget__width-inherit elementor-widget elementor-widget-heading\" data-id=\"50c329d\" data-element_type=\"widget\" data-widget_type=\"heading.default\">\n\t\t\t\t<div class=\"elementor-widget-container\">\n\t\t\t\t\t<p class=\"elementor-heading-title elementor-size-default\">Location<\/p>\t\t\t\t<\/div>\n\t\t\t\t<\/div>\n\t\t\t\t<div class=\"elementor-element elementor-element-283a85a elementor-widget__width-inherit small-price elementor-widget elementor-widget-heading\" data-id=\"283a85a\" data-element_type=\"widget\" data-widget_type=\"heading.default\">\n\t\t\t\t<div class=\"elementor-widget-container\">\n\t\t\t\t\t<p class=\"elementor-heading-title elementor-size-default\">Bateau de 16 pieds <span> 55,15 $<\/span> par jour<\/p>\t\t\t\t<\/div>\n\t\t\t\t<\/div>\n\t\t\t\t<div class=\"elementor-element elementor-element-fa83df0 elementor-widget__width-inherit small-price elementor-widget elementor-widget-heading\" data-id=\"fa83df0\" data-element_type=\"widget\" data-widget_type=\"heading.default\">\n\t\t\t\t<div class=\"elementor-widget-container\">\n\t\t\t\t\t<p class=\"elementor-heading-title elementor-size-default\">Moteur 15 Hp <span> 55,15 $<\/span> par jour<\/p>\t\t\t\t<\/div>\n\t\t\t\t<\/div>\n\t\t\t\t<div class=\"elementor-element elementor-element-5a7b271 elementor-widget__width-inherit small-price elementor-widget elementor-widget-heading\" data-id=\"5a7b271\" data-element_type=\"widget\" data-widget_type=\"heading.default\">\n\t\t\t\t<div class=\"elementor-widget-container\">\n\t\t\t\t\t<p class=\"elementor-heading-title elementor-size-default\">Bateau + moteur <span> 110,30 $<\/span> par jour<\/p>\t\t\t\t<\/div>\n\t\t\t\t<\/div>\n\t\t\t\t<div class=\"elementor-element elementor-element-f20188a elementor-widget__width-auto elementor-widget elementor-widget-button\" data-id=\"f20188a\" data-element_type=\"widget\" data-widget_type=\"button.default\">\n\t\t\t\t<div class=\"elementor-widget-container\">\n\t\t\t\t\t\t\t\t\t<div class=\"elementor-button-wrapper\">\n\t\t\t\t\t<a class=\"elementor-button elementor-button-link elementor-size-sm\" href=\"https:\/\/pourvoiriedorionoutfitter.ca\/reservations\/\">\n\t\t\t\t\t\t<span class=\"elementor-button-content-wrapper\">\n\t\t\t\t\t\t\t\t\t<span class=\"elementor-button-text\">v\u00e9rifier la disponibilit\u00e9<\/span>\n\t\t\t\t\t<\/span>\n\t\t\t\t\t<\/a>\n\t\t\t\t<\/div>\n\t\t\t\t\t\t\t\t<\/div>\n\t\t\t\t<\/div>\n\t\t\t\t<\/div>\n\t\t\t\t<div class=\"elementor-element elementor-element-b710369 elementor-icon-list--layout-inline elementor-align-center elementor-mobile-align-left elementor-widget__width-inherit kids elementor-list-item-link-full_width elementor-widget elementor-widget-icon-list\" data-id=\"b710369\" data-element_type=\"widget\" data-widget_type=\"icon-list.default\">\n\t\t\t\t<div class=\"elementor-widget-container\">\n\t\t\t\t\t\t\t<ul class=\"elementor-icon-list-items elementor-inline-items\">\n\t\t\t\t\t\t\t<li class=\"elementor-icon-list-item elementor-inline-item\">\n\t\t\t\t\t\t\t\t\t\t\t<span class=\"elementor-icon-list-icon\">\n\t\t\t\t\t\t\t<svg xmlns=\"http:\/\/www.w3.org\/2000\/svg\" width=\"26\" height=\"26\" viewBox=\"0 0 26 26\" fill=\"none\"><g id=\"fi_9391157\"><path id=\"Vector\" d=\"M14.7422 7.33199C14.7422 8.76199 15.9122 9.93199 17.3422 9.93199C18.7722 9.93199 19.9422 8.76199 19.9422 7.33199C19.9422 5.90199 18.7722 4.73199 17.3422 4.73199C15.9122 4.73199 14.7422 5.87599 14.7422 7.33199Z\" fill=\"#900005\"><\/path><path id=\"Vector_2\" d=\"M19.5008 10.868H16.5108C15.5228 10.868 14.7168 11.674 14.7168 12.662V20.41C14.7168 20.878 15.1068 21.268 15.5748 21.268C16.0428 21.268 16.4328 20.878 16.4328 20.41V18.668C16.4328 18.2 16.8228 17.81 17.2908 17.81C17.7588 17.81 18.1488 18.2 18.1488 18.668V20.41C18.1488 20.878 18.5388 21.268 19.0068 21.268C19.4748 21.268 19.8648 20.878 19.8648 20.41V13.78C19.8648 13.624 20.0728 13.546 20.1768 13.65L21.5028 14.976C21.8408 15.314 22.3868 15.314 22.7248 14.976C23.0628 14.638 23.0628 14.092 22.7248 13.754L20.2548 11.18C20.0468 10.998 19.7868 10.868 19.5008 10.868Z\" fill=\"#900005\"><\/path><path id=\"Vector_3\" d=\"M3.22364 14.95C3.56164 15.288 4.10764 15.288 4.44564 14.95L4.99164 14.404C5.09564 14.3 5.27764 14.404 5.25164 14.534L4.39364 18.382C4.36764 18.538 4.47164 18.668 4.62764 18.668H5.66764C5.90164 18.668 6.08364 18.85 6.08364 19.084V20.41C6.08364 20.878 6.47364 21.268 6.94164 21.268C7.40964 21.268 7.79964 20.878 7.79964 20.41V19.552C7.79964 19.084 8.18964 18.694 8.65764 18.694C9.12564 18.694 9.51564 19.084 9.51564 19.552V20.41C9.51564 20.878 9.90564 21.268 10.3736 21.268C10.8416 21.268 11.2316 20.878 11.2316 20.41V19.084C11.2316 18.85 11.4136 18.668 11.6476 18.668H12.6876C12.8436 18.668 12.9476 18.538 12.9216 18.382L11.5176 12.09C11.3616 11.362 10.7116 10.868 9.98364 10.868H7.48764C6.55164 10.868 5.66764 11.232 5.01764 11.882L3.19764 13.702C2.88564 14.066 2.88564 14.612 3.22364 14.95Z\" fill=\"#900005\"><\/path><path id=\"Vector_4\" d=\"M6.05859 7.33199C6.05859 8.76199 7.22859 9.93199 8.65859 9.93199C10.0886 9.93199 11.2586 8.76199 11.2586 7.33199C11.2586 5.90199 10.0886 4.73199 8.65859 4.73199C7.22859 4.73199 6.05859 5.87599 6.05859 7.33199Z\" fill=\"#900005\"><\/path><\/g><\/svg>\t\t\t\t\t\t<\/span>\n\t\t\t\t\t\t\t\t\t\t<span class=\"elementor-icon-list-text\">Enfants de moins de 12 ans : <u><b>gratuit<\/b><\/u> - Enfants de 12 \u00e0 16 ans : <span>49,65$<\/span> par jour<\/span>\n\t\t\t\t\t\t\t\t\t<\/li>\n\t\t\t\t\t\t<\/ul>\n\t\t\t\t\t\t<\/div>\n\t\t\t\t<\/div>\n\t\t\t\t\t<\/div>\n\t\t\t\t<\/div>\n\t\t\t\t<\/div>\n\t\t","protected":false},"excerpt":{"rendered":"<p>tarifs2026 Heure d&rsquo;enregistrement : 13h00 Heure de d\u00e9part 10h00 Permis et taxes non comprisesNous demandons un d\u00e9p\u00f4t de 100$ par personnes pour confirmer votre r\u00e9servation.Veuillez noter que le d\u00e9p\u00f4t n&rsquo;est pas remboursable a moins d&rsquo;une avis 10 jours avant votre arriv\u00e9e 1 \u00e0 2 nuits Ceci inclut seulement un 20L de gaz 154,35 $ par [&hellip;]<\/p>\n","protected":false},"author":1,"featured_media":0,"parent":0,"menu_order":0,"comment_status":"closed","ping_status":"closed","template":"elementor_header_footer","meta":{"_acf_changed":false,"footnotes":""},"class_list":["post-2045","page","type-page","status-publish","hentry"],"acf":[],"_links":{"self":[{"href":"https:\/\/pourvoiriedorionoutfitter.ca\/fr\/wp-json\/wp\/v2\/pages\/2045","targetHints":{"allow":["GET"]}}],"collection":[{"href":"https:\/\/pourvoiriedorionoutfitter.ca\/fr\/wp-json\/wp\/v2\/pages"}],"about":[{"href":"https:\/\/pourvoiriedorionoutfitter.ca\/fr\/wp-json\/wp\/v2\/types\/page"}],"author":[{"embeddable":true,"href":"https:\/\/pourvoiriedorionoutfitter.ca\/fr\/wp-json\/wp\/v2\/users\/1"}],"replies":[{"embeddable":true,"href":"https:\/\/pourvoiriedorionoutfitter.ca\/fr\/wp-json\/wp\/v2\/comments?post=2045"}],"version-history":[{"count":23,"href":"https:\/\/pourvoiriedorionoutfitter.ca\/fr\/wp-json\/wp\/v2\/pages\/2045\/revisions"}],"predecessor-version":[{"id":2942,"href":"https:\/\/pourvoiriedorionoutfitter.ca\/fr\/wp-json\/wp\/v2\/pages\/2045\/revisions\/2942"}],"wp:attachment":[{"href":"https:\/\/pourvoiriedorionoutfitter.ca\/fr\/wp-json\/wp\/v2\/media?parent=2045"}],"curies":[{"name":"wp","href":"https:\/\/api.w.org\/{rel}","templated":true}]}}